{"id":1869,"date":"2026-01-15T22:20:41","date_gmt":"2026-01-16T01:20:41","guid":{"rendered":"https:\/\/agrotransportesenoticias.com.br\/lp\/?page_id=1869"},"modified":"2026-01-16T09:36:41","modified_gmt":"2026-01-16T12:36:41","slug":"tendas-3x3","status":"publish","type":"page","link":"https:\/\/agrotransportesenoticias.com.br\/lp\/tendas-3x3\/","title":{"rendered":"Tendas 3&#215;3"},"content":{"rendered":"<p>[vc_row full_width=&#8221;stretch_row&#8221; css=&#8221;.vc_custom_1768498001776{background-image: url(https:\/\/agrotransportesenoticias.com.br\/lp\/wp-content\/uploads\/2025\/06\/img-banner-01.jpg?id=1700) !important;background-position: center !important;background-repeat: no-repeat !important;background-size: cover !important;}&#8221;][vc_column][vc_empty_space height=&#8221;50px&#8221;][ct_heading text=&#8221;Tendas 3&#215;3&#8243; tag=&#8221;h1&#8243; align_lg=&#8221;align-center&#8221; align_md=&#8221;align-center-md&#8221; align_sm=&#8221;align-center-sm&#8221; align_xs=&#8221;align-center-xs&#8221; font_weight=&#8221;600&#8243; text_color=&#8221;#ffffff&#8221; gap_color=&#8221;#cf0000&#8243; subtitle=&#8221;Equipamentos para Loca\u00e7\u00e3o&#8221; subtitle_font_size=&#8221;14&#8243; subtitle_color=&#8221;#cf0000&#8243; font_weight_sub=&#8221;&#8221;][vc_empty_space height=&#8221;50px&#8221;][\/vc_column][\/vc_row][vc_row][vc_column][vc_empty_space height=&#8221;50px&#8221;][vc_column_text]As tendas 3&#215;3 s\u00e3o muito populares junto ao p\u00fablico. Elas s\u00e3o muito f\u00e1cil de montar, desmontar, transportar e guardar. Seus p\u00e9s podem ser chumbados no ch\u00e3o ou presas com cordas e pesos refor\u00e7ados, trazendo mais seguran\u00e7a e estabilidade aos frequentadores.<\/p>\n<p>\u00c9 uma op\u00e7\u00e3o ideal para uso frequente corporativo como um pr\u00e1tico estande em exposi\u00e7\u00f5es em eventos, para triagem, ou ent\u00e3o, utilize-o em praias, campos, jardins, camping, coloque-o ao lado da piscina e tenha uma bela sombra numa tarde ensolarada.[\/vc_column_text][vc_empty_space height=&#8221;10px&#8221;][\/vc_column][\/vc_row][vc_row][vc_column][ct_gallery_carousel images=&#8221;1914,1913,1924,1925,1916,1917,1918,1921,1915,1922,1923,1919,1920&#8243; img_size=&#8221;full&#8221; col_xs=&#8221;1&#8243; col_sm=&#8221;1&#8243; col_md=&#8221;3&#8243; col_lg=&#8221;3&#8243; loop=&#8221;true&#8221; autoplay=&#8221;true&#8221; autoplay_timeout=&#8221;3000&#8243; smart_speed=&#8221;850&#8243; arrows=&#8221;true&#8221;][\/vc_column][\/vc_row][vc_row][vc_column][vc_empty_space height=&#8221;50px&#8221;][ct_text_block font_size=&#8221;26&#8243; line_height=&#8221;32&#8243;]<\/p>\n<p style=\"text-align: center;\"><strong>Uso ideal em diversos lugares:<\/strong><\/p>\n<p>[\/ct_text_block][vc_empty_space height=&#8221;30px&#8221;][\/vc_column][\/vc_row][vc_row][vc_column width=&#8221;1\/5&#8243;][ct_fancybox cms_template=&#8221;ct_fancybox&#8211;layout3.php&#8221; icon_fontawesome=&#8221;fas fa-check&#8221; icon_color=&#8221;#ffffff&#8221; icon_bg_color=&#8221;#1e73be&#8221; description=&#8221;Praias&#8221;][\/vc_column][vc_column width=&#8221;1\/5&#8243;][ct_fancybox cms_template=&#8221;ct_fancybox&#8211;layout3.php&#8221; icon_fontawesome=&#8221;fas fa-check&#8221; icon_color=&#8221;#ffffff&#8221; icon_bg_color=&#8221;#1e73be&#8221; description=&#8221;Piscina&#8221;][\/vc_column][vc_column width=&#8221;1\/5&#8243;][ct_fancybox cms_template=&#8221;ct_fancybox&#8211;layout3.php&#8221; icon_fontawesome=&#8221;fas fa-check&#8221; icon_color=&#8221;#ffffff&#8221; icon_bg_color=&#8221;#1e73be&#8221; description=&#8221;Campos&#8221;][\/vc_column][vc_column width=&#8221;1\/5&#8243;][ct_fancybox cms_template=&#8221;ct_fancybox&#8211;layout3.php&#8221; icon_fontawesome=&#8221;fas fa-check&#8221; icon_color=&#8221;#ffffff&#8221; icon_bg_color=&#8221;#1e73be&#8221; description=&#8221;Jardins&#8221;][\/vc_column][vc_column width=&#8221;1\/5&#8243;][ct_fancybox cms_template=&#8221;ct_fancybox&#8211;layout3.php&#8221; icon_fontawesome=&#8221;fas fa-check&#8221; icon_color=&#8221;#ffffff&#8221; icon_bg_color=&#8221;#1e73be&#8221; description=&#8221;Camping&#8221;][\/vc_column][\/vc_row][vc_row][vc_column][vc_empty_space height=&#8221;50px&#8221;][\/vc_column][\/vc_row][vc_row][vc_column][vc_btn title=&#8221;<strong>SOLICITE OR\u00c7AMENTO<\/strong>&#8221; style=&#8221;custom&#8221; custom_background=&#8221;#2d913c&#8221; custom_text=&#8221;#ffffff&#8221; shape=&#8221;round&#8221; size=&#8221;lg&#8221; align=&#8221;center&#8221; i_align=&#8221;right&#8221; i_icon_fontawesome=&#8221;fab fa-whatsapp&#8221; add_icon=&#8221;true&#8221; link=&#8221;url:https%3A%2F%2Fwa.me%2F5511971312543%3Ftext%3DGostaria%2520de%2520mais%2520informa%25C3%25A7%25C3%25B5es%2520sobre%2520os%2520seus%2520servi%25C3%25A7os&#8230;&#8221;][\/vc_column][\/vc_row][vc_row][vc_column][vc_empty_space height=&#8221;50px&#8221;][ct_heading text=&#8221;Atuamos nas seguintes regi\u00f5es:&#8221; tag=&#8221;h2&#8243; align_lg=&#8221;align-center&#8221; align_md=&#8221;align-center-md&#8221; align_sm=&#8221;align-center-sm&#8221; align_xs=&#8221;align-center-xs&#8221; font_weight=&#8221;600&#8243; text_color=&#8221;#000000&#8243; gap_color=&#8221;#cf0000&#8243; subtitle=&#8221;Regi\u00f5es Atendidas&#8221; subtitle_font_size=&#8221;14&#8243; subtitle_color=&#8221;#cf0000&#8243; font_weight_sub=&#8221;&#8221;][\/vc_column][\/vc_row][vc_row][vc_column width=&#8221;1\/4&#8243;][vc_column_text]S\u00e3o Paulo<br \/>\nS\u00e3o Paulo (Zona Oeste)<br \/>\nS\u00e3o Paulo (Regi\u00e3o Central)<br \/>\nS\u00e3o Paulo (Zona Leste)<br \/>\nS\u00e3o Paulo (Zona Sul)<br \/>\nS\u00e3o Paulo (Zona Norte)<br \/>\nABC Paulista<br \/>\nSanto Andr\u00e9<br \/>\nS\u00e3o Caetano<br \/>\nS\u00e3o Bernardo do Campo[\/vc_column_text][\/vc_column][vc_column width=&#8221;1\/4&#8243;][vc_column_text]Diadema<br \/>\nMau\u00e1<br \/>\nRibeir\u00e3o Pires<br \/>\nCotia<br \/>\nOsasco<br \/>\nBarueri<br \/>\nVargem Grande Paulista<br \/>\nCajamar<br \/>\nFranco da Rocha[\/vc_column_text][\/vc_column][vc_column width=&#8221;1\/4&#8243;][vc_column_text]Jundia\u00ed<br \/>\nV\u00e1rzea Paulista<br \/>\nCampo Limpo Paulista<br \/>\nCaieiras<br \/>\nAtibaia<br \/>\nMairipor\u00e3<br \/>\nSantos<br \/>\nS\u00e3o Vicente<br \/>\nPraia Grande[\/vc_column_text][\/vc_column][vc_column width=&#8221;1\/4&#8243;][vc_column_text]Guaruj\u00e1<br \/>\nCubat\u00e3o<br \/>\nMogi das Cruzes<br \/>\nSuzano<br \/>\nItaquaquecetuba<br \/>\nGuarulhos<br \/>\nPo\u00e1<br \/>\nSanta Isabel<br \/>\nAruj\u00e1[\/vc_column_text][\/vc_column][\/vc_row][vc_row][vc_column][ct_text_block font_size=&#8221;18&#8243; line_height=&#8221;26&#8243;]<\/p>\n<p style=\"text-align: center;\"><strong>Atendemos outros locais sob consulta.<\/strong><\/p>\n<p>[\/ct_text_block][\/vc_column][\/vc_row][vc_row][vc_column][vc_empty_space height=&#8221;50px&#8221;][vc_btn title=&#8221;<strong>SOLICITE OR\u00c7AMENTO<\/strong>&#8221; style=&#8221;custom&#8221; custom_background=&#8221;#2d913c&#8221; custom_text=&#8221;#ffffff&#8221; shape=&#8221;round&#8221; size=&#8221;lg&#8221; align=&#8221;center&#8221; i_align=&#8221;right&#8221; i_icon_fontawesome=&#8221;fab fa-whatsapp&#8221; add_icon=&#8221;true&#8221; link=&#8221;url:https%3A%2F%2Fwa.me%2F5511971312543%3Ftext%3DGostaria%2520de%2520mais%2520informa%25C3%25A7%25C3%25B5es%2520sobre%2520os%2520seus%2520servi%25C3%25A7os&#8230;&#8221;][\/vc_column][\/vc_row][vc_row][vc_column][vc_empty_space height=&#8221;50px&#8221;][ct_heading text=&#8221;Clientes que acreditam no nosso Trabalho&#8221; tag=&#8221;h2&#8243; align_lg=&#8221;align-center&#8221; align_md=&#8221;align-center-md&#8221; align_sm=&#8221;align-center-sm&#8221; align_xs=&#8221;align-center-xs&#8221; font_weight=&#8221;600&#8243; text_color=&#8221;#000000&#8243; gap_color=&#8221;#dd0000&#8243; subtitle=&#8221;Alguns Clientes&#8221; subtitle_font_size=&#8221;14&#8243; subtitle_color=&#8221;#dd0000&#8243; font_weight_sub=&#8221;&#8221; description_color=&#8221;#ffffff&#8221;][ct_gallery_carousel images=&#8221;1783,1780,1781,1784,1782&#8243; col_xs=&#8221;1&#8243; col_sm=&#8221;2&#8243; col_md=&#8221;3&#8243; col_lg=&#8221;5&#8243; loop=&#8221;true&#8221; autoplay=&#8221;true&#8221; autoplay_timeout=&#8221;2500&#8243; smart_speed=&#8221;650&#8243;][vc_empty_space height=&#8221;50px&#8221;][\/vc_column][\/vc_row]<\/p>\n","protected":false},"excerpt":{"rendered":"<p>[vc_row full_width=&#8221;stretch_row&#8221; css=&#8221;.vc_custom_1768498001776{background-image: url(https:\/\/agrotransportesenoticias.com.br\/lp\/wp-content\/uploads\/2025\/06\/img-banner-01.jpg?id=1700) !important;background-position: center !important;background-repeat: no-repeat !important;background-size: cover !important;}&#8221;][vc_column][vc_empty_space height=&#8221;50px&#8221;][ct_heading text=&#8221;Tendas 3&#215;3&#8243; tag=&#8221;h1&#8243; align_lg=&#8221;align-center&#8221; align_md=&#8221;align-center-md&#8221; align_sm=&#8221;align-center-sm&#8221; align_xs=&#8221;align-center-xs&#8221; font_weight=&#8221;600&#8243; text_color=&#8221;#ffffff&#8221; gap_color=&#8221;#cf0000&#8243; subtitle=&#8221;Equipamentos para Loca\u00e7\u00e3o&#8221; subtitle_font_size=&#8221;14&#8243; subtitle_color=&#8221;#cf0000&#8243; font_weight_sub=&#8221;&#8221;][vc_empty_space height=&#8221;50px&#8221;][\/vc_column][\/vc_row][vc_row][vc_column][vc_empty_space height=&#8221;50px&#8221;][vc_column_text]As tendas 3&#215;3 s\u00e3o muito populares junto ao p\u00fablico. Elas s\u00e3o muito f\u00e1cil de montar, desmontar, transportar e guardar. Seus p\u00e9s podem ser chumbados no ch\u00e3o [&hellip;]<\/p>\n","protected":false},"author":1,"featured_media":0,"parent":0,"menu_order":0,"comment_status":"closed","ping_status":"closed","template":"","meta":{"footnotes":""},"class_list":["post-1869","page","type-page","status-publish","hentry"],"_links":{"self":[{"href":"https:\/\/agrotransportesenoticias.com.br\/lp\/wp-json\/wp\/v2\/pages\/1869","targetHints":{"allow":["GET"]}}],"collection":[{"href":"https:\/\/agrotransportesenoticias.com.br\/lp\/wp-json\/wp\/v2\/pages"}],"about":[{"href":"https:\/\/agrotransportesenoticias.com.br\/lp\/wp-json\/wp\/v2\/types\/page"}],"author":[{"embeddable":true,"href":"https:\/\/agrotransportesenoticias.com.br\/lp\/wp-json\/wp\/v2\/users\/1"}],"replies":[{"embeddable":true,"href":"https:\/\/agrotransportesenoticias.com.br\/lp\/wp-json\/wp\/v2\/comments?post=1869"}],"version-history":[{"count":5,"href":"https:\/\/agrotransportesenoticias.com.br\/lp\/wp-json\/wp\/v2\/pages\/1869\/revisions"}],"predecessor-version":[{"id":1926,"href":"https:\/\/agrotransportesenoticias.com.br\/lp\/wp-json\/wp\/v2\/pages\/1869\/revisions\/1926"}],"wp:attachment":[{"href":"https:\/\/agrotransportesenoticias.com.br\/lp\/wp-json\/wp\/v2\/media?parent=1869"}],"curies":[{"name":"wp","href":"https:\/\/api.w.org\/{rel}","templated":true}]}}