{"id":7,"date":"2018-10-13T01:53:52","date_gmt":"2018-10-13T01:53:52","guid":{"rendered":"https:\/\/demo.casethemes.net\/nimmo\/?page_id=7"},"modified":"2026-01-16T10:22:20","modified_gmt":"2026-01-16T13:22:20","slug":"home","status":"publish","type":"page","link":"https:\/\/agrotransportesenoticias.com.br\/lp\/","title":{"rendered":"Home"},"content":{"rendered":"<p>[vc_row full_width=&#8221;stretch_row&#8221; css=&#8221;.vc_custom_1750960914908{background-image: url(https:\/\/agrotransportesenoticias.com.br\/lp\/wp-content\/uploads\/2025\/06\/img-banner-02.jpg?id=1703) !important;background-position: center !important;background-repeat: no-repeat !important;background-size: cover !important;}&#8221;][vc_column][vc_empty_space height=&#8221;80px&#8221;][vc_row_inner][vc_column_inner width=&#8221;1\/2&#8243;][ct_heading text=&#8221;Somos Refer\u00eancia em Loca\u00e7\u00e3o de Equipamentos para Eventos!&#8221; tag=&#8221;h1&#8243; font_size=&#8221;40&#8243; font_size_md=&#8221;40&#8243; font_size_sm=&#8221;40&#8243; font_size_xs=&#8221;40&#8243; font_weight=&#8221;600&#8243; text_color=&#8221;#ffffff&#8221; gap_color=&#8221;#dd0000&#8243; font_weight_sub=&#8221;&#8221;][vc_column_text]<span style=\"color: #ffffff;\">Garanta o sucesso do seu evento com quem entende do assunto.<\/span><br \/>\n<span style=\"color: #ffffff;\">Fale agora com nossa equipe e solicite seu or\u00e7amento personalizado!<\/span>[\/vc_column_text][vc_empty_space height=&#8221;10px&#8221;][vc_btn title=&#8221;<strong>SOLICITE OR\u00c7AMENTO<\/strong>&#8221; style=&#8221;custom&#8221; custom_background=&#8221;#2d913c&#8221; custom_text=&#8221;#ffffff&#8221; shape=&#8221;round&#8221; size=&#8221;lg&#8221; i_align=&#8221;right&#8221; i_icon_fontawesome=&#8221;fab fa-whatsapp&#8221; add_icon=&#8221;true&#8221; link=&#8221;url:https%3A%2F%2Fwa.me%2F5511971312543%3Ftext%3DGostaria%2520de%2520mais%2520informa%25C3%25A7%25C3%25B5es%2520sobre%2520os%2520seus%2520servi%25C3%25A7os&#8230;&#8221;][\/vc_column_inner][vc_column_inner width=&#8221;1\/2&#8243;][\/vc_column_inner][\/vc_row_inner][vc_empty_space height=&#8221;100px&#8221;][ct_angled angled_pos=&#8221;bottom&#8221; angled_color=&#8221;#000000&#8243; angled_height=&#8221;90&#8243;][\/vc_column][\/vc_row][vc_row full_width=&#8221;stretch_row&#8221; css=&#8221;.vc_custom_1751308534848{background-color: #000000 !important;}&#8221; el_id=&#8221;modelo&#8221;][vc_column][vc_empty_space height=&#8221;50px&#8221;][ct_heading text=&#8221;Nossos Modelos&#8221; tag=&#8221;h2&#8243; align_lg=&#8221;align-center&#8221; align_md=&#8221;align-center-md&#8221; align_sm=&#8221;align-center-sm&#8221; align_xs=&#8221;align-center-xs&#8221; font_weight=&#8221;600&#8243; text_color=&#8221;#ffffff&#8221; gap_color=&#8221;#dd0000&#8243; subtitle=&#8221;Equipamentos para Loca\u00e7\u00e3o&#8221; subtitle_font_size=&#8221;14&#8243; subtitle_color=&#8221;#dd0000&#8243; font_weight_sub=&#8221;&#8221;][vc_empty_space height=&#8221;50px&#8221;][vc_row_inner][vc_column_inner width=&#8221;1\/5&#8243;][vc_single_image image=&#8221;1942&#8243; img_size=&#8221;full&#8221; alignment=&#8221;center&#8221; onclick=&#8221;custom_link&#8221; link=&#8221;https:\/\/agrotransportesenoticias.com.br\/lp\/gradis-grades-de-contencao\/&#8221;][\/vc_column_inner][vc_column_inner width=&#8221;1\/5&#8243;][vc_single_image image=&#8221;1943&#8243; img_size=&#8221;full&#8221; alignment=&#8221;center&#8221; onclick=&#8221;custom_link&#8221; link=&#8221;https:\/\/agrotransportesenoticias.com.br\/lp\/backdrop\/&#8221;][\/vc_column_inner][vc_column_inner width=&#8221;1\/5&#8243;][vc_single_image image=&#8221;1944&#8243; img_size=&#8221;full&#8221; alignment=&#8221;center&#8221; onclick=&#8221;custom_link&#8221; link=&#8221;https:\/\/agrotransportesenoticias.com.br\/lp\/boxtruss\/&#8221;][\/vc_column_inner][vc_column_inner width=&#8221;1\/5&#8243;][vc_single_image image=&#8221;1945&#8243; img_size=&#8221;full&#8221; alignment=&#8221;center&#8221; onclick=&#8221;custom_link&#8221; link=&#8221;https:\/\/agrotransportesenoticias.com.br\/lp\/tendas-3&#215;3\/&#8221;][\/vc_column_inner][vc_column_inner width=&#8221;1\/5&#8243;][vc_single_image image=&#8221;1946&#8243; img_size=&#8221;full&#8221; alignment=&#8221;center&#8221; onclick=&#8221;custom_link&#8221; link=&#8221;https:\/\/agrotransportesenoticias.com.br\/lp\/tendas-6&#215;6-chapeu-de-bruxa\/&#8221;][\/vc_column_inner][\/vc_row_inner][vc_empty_space height=&#8221;30px&#8221;][vc_row_inner][vc_column_inner width=&#8221;1\/5&#8243;][vc_single_image image=&#8221;1770&#8243; img_size=&#8221;full&#8221; alignment=&#8221;center&#8221;][\/vc_column_inner][vc_column_inner width=&#8221;1\/5&#8243;][vc_single_image image=&#8221;1721&#8243; img_size=&#8221;full&#8221; alignment=&#8221;center&#8221;][\/vc_column_inner][vc_column_inner width=&#8221;1\/5&#8243;][vc_single_image image=&#8221;1730&#8243; img_size=&#8221;full&#8221; alignment=&#8221;center&#8221;][\/vc_column_inner][vc_column_inner width=&#8221;1\/5&#8243;][vc_single_image image=&#8221;1729&#8243; img_size=&#8221;full&#8221; alignment=&#8221;center&#8221;][\/vc_column_inner][vc_column_inner width=&#8221;1\/5&#8243;][vc_single_image image=&#8221;1731&#8243; img_size=&#8221;full&#8221; alignment=&#8221;center&#8221;][\/vc_column_inner][\/vc_row_inner][vc_empty_space height=&#8221;30px&#8221;][vc_row_inner][vc_column_inner width=&#8221;1\/5&#8243;][vc_single_image image=&#8221;1732&#8243; img_size=&#8221;full&#8221; alignment=&#8221;center&#8221;][\/vc_column_inner][vc_column_inner width=&#8221;1\/5&#8243;][vc_single_image image=&#8221;1724&#8243; img_size=&#8221;full&#8221; alignment=&#8221;center&#8221;][\/vc_column_inner][vc_column_inner width=&#8221;1\/5&#8243;][vc_single_image image=&#8221;1726&#8243; img_size=&#8221;full&#8221; alignment=&#8221;center&#8221;][\/vc_column_inner][vc_column_inner width=&#8221;1\/5&#8243;][vc_single_image image=&#8221;1727&#8243; img_size=&#8221;full&#8221; alignment=&#8221;center&#8221;][\/vc_column_inner][vc_column_inner width=&#8221;1\/5&#8243;][vc_single_image image=&#8221;1728&#8243; img_size=&#8221;full&#8221; alignment=&#8221;center&#8221;][\/vc_column_inner][\/vc_row_inner][vc_empty_space height=&#8221;30px&#8221;][vc_btn title=&#8221;<strong>SOLICITE OR\u00c7AMENTO<\/strong>&#8221; style=&#8221;custom&#8221; custom_background=&#8221;#2d913c&#8221; custom_text=&#8221;#ffffff&#8221; shape=&#8221;round&#8221; size=&#8221;lg&#8221; align=&#8221;center&#8221; i_align=&#8221;right&#8221; i_icon_fontawesome=&#8221;fab fa-whatsapp&#8221; add_icon=&#8221;true&#8221; link=&#8221;url:https%3A%2F%2Fwa.me%2F5511971312543%3Ftext%3DGostaria%2520de%2520mais%2520informa%25C3%25A7%25C3%25B5es%2520sobre%2520os%2520seus%2520servi%25C3%25A7os&#8230;&#8221;][vc_empty_space height=&#8221;50px&#8221;][\/vc_column][\/vc_row][vc_row full_width=&#8221;stretch_row&#8221; css=&#8221;.vc_custom_1751308593719{background-image: url(https:\/\/agrotransportesenoticias.com.br\/lp\/wp-content\/uploads\/2025\/06\/img-fundo-maodeobra-01.jpg?id=1786) !important;background-position: center !important;background-repeat: no-repeat !important;background-size: cover !important;}&#8221; el_id=&#8221;maodeobra&#8221;][vc_column][vc_empty_space height=&#8221;50px&#8221;][vc_row_inner][vc_column_inner width=&#8221;1\/2&#8243;][ct_heading text=&#8221;Contrata\u00e7\u00e3o de m\u00e3o de obra para eventos&#8221; tag=&#8221;h1&#8243; font_size=&#8221;40&#8243; font_size_md=&#8221;40&#8243; font_size_sm=&#8221;40&#8243; font_size_xs=&#8221;40&#8243; font_weight=&#8221;600&#8243; text_color=&#8221;#ffffff&#8221; gap_color=&#8221;#ffffff&#8221; font_weight_sub=&#8221;&#8221;][vc_column_text]<span style=\"color: #ffffff;\">Tamb\u00e9m trabalhamos com servi\u00e7os de m\u00e3o de obra para o seu evento.<\/span>[\/vc_column_text][vc_empty_space height=&#8221;10px&#8221;][ct_fancybox cms_template=&#8221;ct_fancybox&#8211;layout3.php&#8221; title_color=&#8221;#ffffff&#8221; icon_fontawesome=&#8221;fas fa-check&#8221; icon_color=&#8221;#ffffff&#8221; icon_bg_color=&#8221;#27b22e&#8221; title=&#8221;Promotoras&#8221; title_font_size=&#8221;20&#8243; title_line_height=&#8221;26&#8243; icon_font_size=&#8221;15&#8243;][vc_empty_space height=&#8221;15px&#8221;][ct_fancybox cms_template=&#8221;ct_fancybox&#8211;layout3.php&#8221; title_color=&#8221;#ffffff&#8221; icon_fontawesome=&#8221;fas fa-check&#8221; icon_color=&#8221;#ffffff&#8221; icon_bg_color=&#8221;#27b22e&#8221; title=&#8221;Seguran\u00e7as&#8221; title_font_size=&#8221;20&#8243; title_line_height=&#8221;26&#8243; icon_font_size=&#8221;15&#8243;][vc_empty_space height=&#8221;15px&#8221;][ct_fancybox cms_template=&#8221;ct_fancybox&#8211;layout3.php&#8221; title_color=&#8221;#ffffff&#8221; icon_fontawesome=&#8221;fas fa-check&#8221; icon_color=&#8221;#ffffff&#8221; icon_bg_color=&#8221;#27b22e&#8221; title=&#8221;Manobristas&#8221; title_font_size=&#8221;20&#8243; title_line_height=&#8221;26&#8243; icon_font_size=&#8221;15&#8243;][vc_empty_space height=&#8221;15px&#8221;][ct_fancybox cms_template=&#8221;ct_fancybox&#8211;layout3.php&#8221; title_color=&#8221;#ffffff&#8221; icon_fontawesome=&#8221;fas fa-check&#8221; icon_color=&#8221;#ffffff&#8221; icon_bg_color=&#8221;#27b22e&#8221; title=&#8221;Montadores&#8221; title_font_size=&#8221;20&#8243; title_line_height=&#8221;26&#8243; icon_font_size=&#8221;15&#8243;][vc_empty_space height=&#8221;15px&#8221;][ct_fancybox cms_template=&#8221;ct_fancybox&#8211;layout3.php&#8221; title_color=&#8221;#ffffff&#8221; icon_fontawesome=&#8221;fas fa-check&#8221; icon_color=&#8221;#ffffff&#8221; icon_bg_color=&#8221;#27b22e&#8221; title=&#8221;Pesquisas de campo (CRM)&#8221; title_font_size=&#8221;20&#8243; title_line_height=&#8221;26&#8243; icon_font_size=&#8221;15&#8243;][vc_empty_space height=&#8221;15px&#8221;][\/vc_column_inner][vc_column_inner width=&#8221;1\/2&#8243;][\/vc_column_inner][\/vc_row_inner][vc_empty_space height=&#8221;70px&#8221;][\/vc_column][\/vc_row][vc_row el_id=&#8221;quemsomos&#8221;][vc_column][vc_empty_space height=&#8221;50px&#8221;][vc_row_inner][vc_column_inner width=&#8221;1\/2&#8243;][vc_single_image image=&#8221;1765&#8243; img_size=&#8221;full&#8221; alignment=&#8221;center&#8221;][\/vc_column_inner][vc_column_inner width=&#8221;1\/2&#8243;][ct_heading text=&#8221;Quem Somos&#8221; tag=&#8221;h2&#8243; font_weight=&#8221;600&#8243; text_color=&#8221;#000000&#8243; gap_color=&#8221;#dd0000&#8243; font_weight_sub=&#8221;&#8221;][vc_column_text]Somos uma ag\u00eancia de Marketing, Not\u00edcias e Eventos, que interage com o mercado h\u00e1 mais de 25 anos.<\/p>\n<p>Na \u00e1rea de eventos, procuramos ajudar nossos clientes a realizar a demonstra\u00e7\u00e3o dos seus produtos da melhor maneira poss\u00edvel, investindo em relacionamento, CRM, inova\u00e7\u00f5es digitais, capta\u00e7\u00e3o de leads, prospec\u00e7\u00e3o e gera\u00e7\u00e3o de novos neg\u00f3cios, entre outras solu\u00e7\u00f5es.<\/p>\n<p>Fa\u00e7a uma parceria com a gente e se surpreenda. Temos muito a agregar no seu neg\u00f3cio!![\/vc_column_text][\/vc_column_inner][\/vc_row_inner][vc_empty_space height=&#8221;50px&#8221;][\/vc_column][\/vc_row][vc_row full_width=&#8221;stretch_row&#8221; css=&#8221;.vc_custom_1751308394551{background-image: url(https:\/\/agrotransportesenoticias.com.br\/lp\/wp-content\/uploads\/2025\/06\/img-fundo-03.jpg?id=1736) !important;background-position: center !important;background-repeat: no-repeat !important;background-size: cover !important;}&#8221; el_id=&#8221;evento&#8221;][vc_column][vc_empty_space height=&#8221;30px&#8221;][ct_heading text=&#8221;Eventos Realizados&#8221; tag=&#8221;h2&#8243; align_lg=&#8221;align-center&#8221; align_md=&#8221;align-center-md&#8221; align_sm=&#8221;align-center-sm&#8221; align_xs=&#8221;align-center-xs&#8221; font_weight=&#8221;600&#8243; text_color=&#8221;#ffffff&#8221; gap_color=&#8221;#dd0000&#8243; subtitle_color=&#8221;#dd0000&#8243; font_weight_sub=&#8221;&#8221; description=&#8221;Veja abaixo os nosso eventos realizados&#8221; description_color=&#8221;#ffffff&#8221;][vc_empty_space height=&#8221;30px&#8221;][ct_heading text=&#8221;Mercedes-Benz&#8221; font_size=&#8221;26&#8243; font_size_md=&#8221;26&#8243; font_size_sm=&#8221;26&#8243; font_size_xs=&#8221;26&#8243; font_weight=&#8221;600&#8243; text_color=&#8221;#ffffff&#8221; gap_color=&#8221;#dd0000&#8243; subtitle_color=&#8221;#dd0000&#8243; font_weight_sub=&#8221;&#8221; description_color=&#8221;#ffffff&#8221;][ct_gallery_carousel images=&#8221;1739,1759,1758,1757,1760,1756&#8243; col_xs=&#8221;1&#8243; col_sm=&#8221;2&#8243; col_md=&#8221;4&#8243; col_lg=&#8221;6&#8243; loop=&#8221;true&#8221; autoplay=&#8221;true&#8221; autoplay_timeout=&#8221;5000&#8243; smart_speed=&#8221;250&#8243; arrows=&#8221;true&#8221;][vc_empty_space height=&#8221;30px&#8221;][ct_heading text=&#8221;Iveco&#8221; font_size=&#8221;26&#8243; font_size_md=&#8221;26&#8243; font_size_sm=&#8221;26&#8243; font_size_xs=&#8221;26&#8243; font_weight=&#8221;600&#8243; text_color=&#8221;#ffffff&#8221; gap_color=&#8221;#dd0000&#8243; subtitle_color=&#8221;#dd0000&#8243; font_weight_sub=&#8221;&#8221; description_color=&#8221;#ffffff&#8221;][ct_gallery_carousel images=&#8221;1755,1754,1753,1752,1761,1764&#8243; col_xs=&#8221;1&#8243; col_sm=&#8221;2&#8243; col_md=&#8221;4&#8243; col_lg=&#8221;6&#8243; loop=&#8221;true&#8221; autoplay=&#8221;true&#8221; autoplay_timeout=&#8221;5000&#8243; smart_speed=&#8221;250&#8243; arrows=&#8221;true&#8221;][vc_empty_space height=&#8221;30px&#8221;][ct_heading text=&#8221;Ford&#8221; font_size=&#8221;26&#8243; font_size_md=&#8221;26&#8243; font_size_sm=&#8221;26&#8243; font_size_xs=&#8221;26&#8243; font_weight=&#8221;600&#8243; text_color=&#8221;#ffffff&#8221; gap_color=&#8221;#dd0000&#8243; subtitle_color=&#8221;#dd0000&#8243; font_weight_sub=&#8221;&#8221; description_color=&#8221;#ffffff&#8221;][ct_gallery_carousel images=&#8221;1738,1751,1750,1749,1762,1748&#8243; col_xs=&#8221;1&#8243; col_sm=&#8221;2&#8243; col_md=&#8221;4&#8243; col_lg=&#8221;6&#8243; loop=&#8221;true&#8221; autoplay=&#8221;true&#8221; autoplay_timeout=&#8221;5000&#8243; smart_speed=&#8221;250&#8243; arrows=&#8221;true&#8221;][vc_empty_space height=&#8221;30px&#8221;][ct_heading text=&#8221;Thermo King&#8221; font_size=&#8221;26&#8243; font_size_md=&#8221;26&#8243; font_size_sm=&#8221;26&#8243; font_size_xs=&#8221;26&#8243; font_weight=&#8221;600&#8243; text_color=&#8221;#ffffff&#8221; gap_color=&#8221;#dd0000&#8243; subtitle_color=&#8221;#dd0000&#8243; font_weight_sub=&#8221;&#8221; description_color=&#8221;#ffffff&#8221;][ct_gallery_carousel images=&#8221;1747,1746,1745,1744,1743,1742&#8243; col_xs=&#8221;1&#8243; col_sm=&#8221;2&#8243; col_md=&#8221;4&#8243; col_lg=&#8221;6&#8243; loop=&#8221;true&#8221; autoplay=&#8221;true&#8221; autoplay_timeout=&#8221;5000&#8243; smart_speed=&#8221;250&#8243; arrows=&#8221;true&#8221;][vc_empty_space height=&#8221;30px&#8221;][ct_heading text=&#8221;Volvo&#8221; font_size=&#8221;26&#8243; font_size_md=&#8221;26&#8243; font_size_sm=&#8221;26&#8243; font_size_xs=&#8221;26&#8243; font_weight=&#8221;600&#8243; text_color=&#8221;#ffffff&#8221; gap_color=&#8221;#dd0000&#8243; subtitle_color=&#8221;#dd0000&#8243; font_weight_sub=&#8221;&#8221; description_color=&#8221;#ffffff&#8221;][ct_gallery_carousel images=&#8221;1741,1740,1737,1763&#8243; col_xs=&#8221;1&#8243; col_sm=&#8221;2&#8243; col_md=&#8221;4&#8243; col_lg=&#8221;6&#8243; loop=&#8221;true&#8221; autoplay=&#8221;true&#8221; autoplay_timeout=&#8221;5000&#8243; smart_speed=&#8221;250&#8243; arrows=&#8221;true&#8221;][vc_empty_space height=&#8221;30px&#8221;][vc_btn title=&#8221;<strong>SOLICITE OR\u00c7AMENTO<\/strong>&#8221; style=&#8221;custom&#8221; custom_background=&#8221;#2d913c&#8221; custom_text=&#8221;#ffffff&#8221; shape=&#8221;round&#8221; size=&#8221;lg&#8221; align=&#8221;center&#8221; i_align=&#8221;right&#8221; i_icon_fontawesome=&#8221;fab fa-whatsapp&#8221; add_icon=&#8221;true&#8221; link=&#8221;url:https%3A%2F%2Fwa.me%2F5511971312543%3Ftext%3DGostaria%2520de%2520mais%2520informa%25C3%25A7%25C3%25B5es%2520sobre%2520os%2520seus%2520servi%25C3%25A7os&#8230;&#8221;][vc_empty_space height=&#8221;50px&#8221;][\/vc_column][\/vc_row][vc_row el_id=&#8221;cliente&#8221;][vc_column][vc_empty_space height=&#8221;50px&#8221;][ct_heading text=&#8221;Clientes que acreditam no nosso Trabalho&#8221; tag=&#8221;h2&#8243; align_lg=&#8221;align-center&#8221; align_md=&#8221;align-center-md&#8221; align_sm=&#8221;align-center-sm&#8221; align_xs=&#8221;align-center-xs&#8221; font_weight=&#8221;600&#8243; text_color=&#8221;#000000&#8243; gap_color=&#8221;#dd0000&#8243; subtitle=&#8221;Alguns Clientes&#8221; subtitle_font_size=&#8221;14&#8243; subtitle_color=&#8221;#dd0000&#8243; font_weight_sub=&#8221;&#8221; description_color=&#8221;#ffffff&#8221;][ct_gallery_carousel images=&#8221;1783,1780,1781,1784,1782&#8243; col_xs=&#8221;1&#8243; col_sm=&#8221;2&#8243; col_md=&#8221;3&#8243; col_lg=&#8221;5&#8243; loop=&#8221;true&#8221; autoplay=&#8221;true&#8221; autoplay_timeout=&#8221;2500&#8243; smart_speed=&#8221;650&#8243;][vc_empty_space height=&#8221;50px&#8221;][\/vc_column][\/vc_row][vc_row full_width=&#8221;stretch_row&#8221; css=&#8221;.vc_custom_1751308430883{background-color: #ebebeb !important;}&#8221; el_id=&#8221;orcamento&#8221;][vc_column][vc_empty_space height=&#8221;30px&#8221;][ct_heading text=&#8221;Solicite Or\u00e7amento&#8221; tag=&#8221;h2&#8243; align_lg=&#8221;align-center&#8221; align_md=&#8221;align-center-md&#8221; align_sm=&#8221;align-center-sm&#8221; align_xs=&#8221;align-center-xs&#8221; font_weight=&#8221;600&#8243; text_color=&#8221;#000000&#8243; gap_color=&#8221;#dd0000&#8243; subtitle_color=&#8221;#dd0000&#8243; font_weight_sub=&#8221;&#8221; description_color=&#8221;#ffffff&#8221;][vc_column_text]<\/p>\n<p style=\"text-align: center;\">Para mais informa\u00e7\u00f5es entre em contato conosco pelo formul\u00e1rio ou pelos contatos abaixo.<\/p>\n<p>[\/vc_column_text][vc_empty_space height=&#8221;20px&#8221;][vc_row_inner][vc_column_inner width=&#8221;1\/2&#8243;]\n<div class=\"wpcf7 no-js\" id=\"wpcf7-f1643-o1\" lang=\"en-US\" dir=\"ltr\" data-wpcf7-id=\"1643\">\n<div class=\"screen-reader-response\"><p role=\"status\" aria-live=\"polite\" aria-atomic=\"true\"><\/p> <ul><\/ul><\/div>\n<form action=\"\/lp\/wp-json\/wp\/v2\/pages\/7#wpcf7-f1643-o1\" method=\"post\" class=\"wpcf7-form init\" aria-label=\"Contact form\" novalidate=\"novalidate\" data-status=\"init\">\n<fieldset class=\"hidden-fields-container\"><input type=\"hidden\" name=\"_wpcf7\" value=\"1643\" \/><input type=\"hidden\" name=\"_wpcf7_version\" value=\"6.1.4\" \/><input type=\"hidden\" name=\"_wpcf7_locale\" value=\"en_US\" \/><input type=\"hidden\" name=\"_wpcf7_unit_tag\" value=\"wpcf7-f1643-o1\" \/><input type=\"hidden\" name=\"_wpcf7_container_post\" value=\"0\" \/><input type=\"hidden\" name=\"_wpcf7_posted_data_hash\" value=\"\" \/>\n<\/fieldset>\n<div class=\"input-filled\">\n\t<p><span class=\"wpcf7-form-control-wrap\" data-name=\"your-name\"><input size=\"40\" maxlength=\"400\" class=\"wpcf7-form-control wpcf7-text wpcf7-validates-as-required\" aria-required=\"true\" aria-invalid=\"false\" placeholder=\"Nome\" value=\"\" type=\"text\" name=\"your-name\" \/><\/span>\n\t<\/p>\n<\/div>\n<div class=\"input-filled\">\n\t<p><span class=\"wpcf7-form-control-wrap\" data-name=\"your-email\"><input size=\"40\" maxlength=\"400\" class=\"wpcf7-form-control wpcf7-email wpcf7-validates-as-required wpcf7-text wpcf7-validates-as-email\" aria-required=\"true\" aria-invalid=\"false\" placeholder=\"E-mail\" value=\"\" type=\"email\" name=\"your-email\" \/><\/span>\n\t<\/p>\n<\/div>\n<div class=\"input-filled\">\n\t<p><span class=\"wpcf7-form-control-wrap\" data-name=\"tel-53\"><input size=\"40\" maxlength=\"400\" class=\"wpcf7-form-control wpcf7-tel wpcf7-validates-as-required wpcf7-text wpcf7-validates-as-tel\" aria-required=\"true\" aria-invalid=\"false\" placeholder=\"Telefone\" value=\"\" type=\"tel\" name=\"tel-53\" \/><\/span>\n\t<\/p>\n<\/div>\n<div class=\"input-filled\">\n\t<p><span class=\"wpcf7-form-control-wrap\" data-name=\"your-message\"><textarea cols=\"40\" rows=\"10\" maxlength=\"2000\" class=\"wpcf7-form-control wpcf7-textarea wpcf7-validates-as-required\" aria-required=\"true\" aria-invalid=\"false\" placeholder=\"Mensagem\" name=\"your-message\"><\/textarea><\/span>\n\t<\/p>\n<\/div>\n<p><input class=\"wpcf7-form-control wpcf7-submit has-spinner btn\" type=\"submit\" value=\"Enviar\" \/>\n<\/p><div class=\"wpcf7-response-output\" aria-hidden=\"true\"><\/div>\n<\/form>\n<\/div>\n[\/vc_column_inner][vc_column_inner width=&#8221;1\/2&#8243;][vc_empty_space height=&#8221;30px&#8221;][ct_fancybox cms_template=&#8221;ct_fancybox&#8211;layout3.php&#8221; icon_fontawesome=&#8221;fab fa-whatsapp&#8221; icon_color=&#8221;#ffffff&#8221; icon_bg_color=&#8221;#0ca80a&#8221; title=&#8221;<strong>Whatsapp<\/strong>&#8221; title_font_size=&#8221;20&#8243; title_line_height=&#8221;26&#8243; description=&#8221;(11) 97131-2543&#8243;][vc_empty_space height=&#8221;30px&#8221;][ct_fancybox cms_template=&#8221;ct_fancybox&#8211;layout3.php&#8221; icon_fontawesome=&#8221;fab fa-whatsapp&#8221; icon_color=&#8221;#ffffff&#8221; icon_bg_color=&#8221;#0ca80a&#8221; title=&#8221;<strong>Whatsapp<\/strong>&#8221; title_font_size=&#8221;20&#8243; title_line_height=&#8221;26&#8243; description=&#8221;(11) 99195-7694&#8243;][vc_empty_space height=&#8221;30px&#8221;][ct_fancybox cms_template=&#8221;ct_fancybox&#8211;layout3.php&#8221; icon_fontawesome=&#8221;fas fa-envelope&#8221; icon_color=&#8221;#ffffff&#8221; icon_bg_color=&#8221;#182fa3&#8243; title=&#8221;<strong>Email<\/strong>&#8221; title_font_size=&#8221;20&#8243; title_line_height=&#8221;26&#8243; description=&#8221;alexandre@agrotransportesenoticias.com.br&#8221;][\/vc_column_inner][\/vc_row_inner][vc_empty_space height=&#8221;80px&#8221;][\/vc_column][\/vc_row]<\/p>\n","protected":false},"excerpt":{"rendered":"<p>[vc_row full_width=&#8221;stretch_row&#8221; css=&#8221;.vc_custom_1750960914908{background-image: url(https:\/\/agrotransportesenoticias.com.br\/lp\/wp-content\/uploads\/2025\/06\/img-banner-02.jpg?id=1703) !important;background-position: center !important;background-repeat: no-repeat !important;background-size: cover !important;}&#8221;][vc_column][vc_empty_space height=&#8221;80px&#8221;][vc_row_inner][vc_column_inner width=&#8221;1\/2&#8243;][ct_heading text=&#8221;Somos Refer\u00eancia em Loca\u00e7\u00e3o de Equipamentos para Eventos!&#8221; tag=&#8221;h1&#8243; font_size=&#8221;40&#8243; font_size_md=&#8221;40&#8243; font_size_sm=&#8221;40&#8243; font_size_xs=&#8221;40&#8243; font_weight=&#8221;600&#8243; text_color=&#8221;#ffffff&#8221; gap_color=&#8221;#dd0000&#8243; font_weight_sub=&#8221;&#8221;][vc_column_text]Garanta o sucesso do seu evento com quem entende do assunto. Fale agora com nossa equipe e solicite seu or\u00e7amento personalizado![\/vc_column_text][vc_empty_space height=&#8221;10px&#8221;][vc_btn title=&#8221;SOLICITE OR\u00c7AMENTO&#8221; style=&#8221;custom&#8221; custom_background=&#8221;#2d913c&#8221; [&hellip;]<\/p>\n","protected":false},"author":1,"featured_media":0,"parent":0,"menu_order":0,"comment_status":"closed","ping_status":"closed","template":"","meta":{"footnotes":""},"class_list":["post-7","page","type-page","status-publish","hentry"],"_links":{"self":[{"href":"https:\/\/agrotransportesenoticias.com.br\/lp\/wp-json\/wp\/v2\/pages\/7","targetHints":{"allow":["GET"]}}],"collection":[{"href":"https:\/\/agrotransportesenoticias.com.br\/lp\/wp-json\/wp\/v2\/pages"}],"about":[{"href":"https:\/\/agrotransportesenoticias.com.br\/lp\/wp-json\/wp\/v2\/types\/page"}],"author":[{"embeddable":true,"href":"https:\/\/agrotransportesenoticias.com.br\/lp\/wp-json\/wp\/v2\/users\/1"}],"replies":[{"embeddable":true,"href":"https:\/\/agrotransportesenoticias.com.br\/lp\/wp-json\/wp\/v2\/comments?post=7"}],"version-history":[{"count":35,"href":"https:\/\/agrotransportesenoticias.com.br\/lp\/wp-json\/wp\/v2\/pages\/7\/revisions"}],"predecessor-version":[{"id":1948,"href":"https:\/\/agrotransportesenoticias.com.br\/lp\/wp-json\/wp\/v2\/pages\/7\/revisions\/1948"}],"wp:attachment":[{"href":"https:\/\/agrotransportesenoticias.com.br\/lp\/wp-json\/wp\/v2\/media?parent=7"}],"curies":[{"name":"wp","href":"https:\/\/api.w.org\/{rel}","templated":true}]}}